{"id":26,"date":"2013-02-01T03:39:58","date_gmt":"2013-02-01T03:39:58","guid":{"rendered":"http:\/\/clinicasaofranciscoxavier.pt\/?page_id=26"},"modified":"2017-12-16T17:33:45","modified_gmt":"2017-12-16T17:33:45","slug":"contactos","status":"publish","type":"page","link":"https:\/\/clinicasaofranciscoxavier.pt\/?page_id=26","title":{"rendered":"Contactos"},"content":{"rendered":"<div class=\"row\">\n<div class=\"col-sm-6\">\n<h4>Cl\u00ednica de S\u00e3o Francisco Xavier<\/h4>\n<p>Rua Fernandes dos Anjos, n.\u00ba 230<br \/>\nSta. Marinha &#8211; Candal<br \/>\n4400 &#8211; 141 Vila Nova de Gaia<\/p>\n<p><b>T<\/b> 22 371 60 02<\/p>\n<p><\/br><\/p>\n<h4>Diretor Cl\u00ednico<\/h4>\n<p><span style=\"font-weight:700\">Bruno Sousa<\/span><br \/>\nM\u00e9dico Dentista<br \/>\n<a href=\"mailto:brunosousa@clinicasaofranciscoxavier.pt\">brunosousa@clinicasaofranciscoxavier.pt<\/a><\/p>\n<h4>Assistente Dent\u00e1ria<\/h4>\n<p><span style=\"font-weight:700\">Diana Rodrigues<\/span><br \/>\n<a href=\"mailto:geral@clinicasaofranciscoxavier.pt\">geral@clinicasaofranciscoxavier.pt<\/a>\n<\/div>\n<div class=\"col-sm-6\">\n<h4>Hor\u00e1rio de atendimento<\/h4>\n<p><strong>Segunda-Feira<\/strong><br \/>\n14h30 \u00e0s 19h30<\/p>\n<p><strong>De Ter\u00e7a a Sexta-Feira<\/strong><br \/>\n09h30 \u00e0s 12h30 e 14h30 \u00e0s 19h30<\/p>\n<p><strong>S\u00e1bado<\/strong><br \/>\n09h30 \u00e0s 12h30<\/p>\n<h4>Como chegar<\/h4>\n<p>Ponte da Arr\u00e1bida (sentido Norte &#8211; Sul)<br \/>\nOpte pela sa\u00edda Devesas &#8211; Canidelo<br \/>\nNo final do acesso, vire \u00e0 esquerda<br \/>\nNa rotunda, continue em frente (2\u00aa art\u00e9ria)<br \/>\nAp\u00f3s a esta\u00e7\u00e3o de servi\u00e7o (BP) continue em frente<br \/>\nAo encontrar nova rotunda, vire \u00e0 esquerda<br \/>\nAp\u00f3s, aproximadamente, 500 metros, avistar\u00e1 um edif\u00edcio (branco) &#8211; Vera Cruz<br \/>\nChegou \u00e0 Cl\u00ednica S\u00e3o Francisco Xavier\n<\/p><\/div>\n<\/div>\n<div class=\"row\">\n<div class=\"col-sm-6\">\n\n<div class=\"wpcf7 no-js\" id=\"wpcf7-f455-o1\" lang=\"en-US\" dir=\"ltr\" data-wpcf7-id=\"455\">\n<div class=\"screen-reader-response\"><p role=\"status\" aria-live=\"polite\" aria-atomic=\"true\"><\/p> <ul><\/ul><\/div>\n<form action=\"\/index.php?rest_route=%2Fwp%2Fv2%2Fpages%2F26#wpcf7-f455-o1\" method=\"post\" class=\"wpcf7-form init\" aria-label=\"Contact form\" novalidate=\"novalidate\" data-status=\"init\">\n<fieldset class=\"hidden-fields-container\"><input type=\"hidden\" name=\"_wpcf7\" value=\"455\" \/><input type=\"hidden\" name=\"_wpcf7_version\" value=\"6.1.5\" \/><input type=\"hidden\" name=\"_wpcf7_locale\" value=\"en_US\" \/><input type=\"hidden\" name=\"_wpcf7_unit_tag\" value=\"wpcf7-f455-o1\" \/><input type=\"hidden\" name=\"_wpcf7_container_post\" value=\"0\" \/><input type=\"hidden\" name=\"_wpcf7_posted_data_hash\" value=\"\" \/>\n<\/fieldset>\n<p><br \/>\n<span class=\"wpcf7-form-control-wrap\" data-name=\"your-name\"><input size=\"40\" maxlength=\"400\" class=\"wpcf7-form-control wpcf7-text wpcf7-validates-as-required\" aria-required=\"true\" aria-invalid=\"false\" placeholder=\"Nome\" value=\"\" type=\"text\" name=\"your-name\" \/><\/span>\n<\/p>\n<p><br \/>\n<span class=\"wpcf7-form-control-wrap\" data-name=\"your-email\"><input size=\"40\" maxlength=\"400\" class=\"wpcf7-form-control wpcf7-email wpcf7-validates-as-required wpcf7-text wpcf7-validates-as-email\" aria-required=\"true\" aria-invalid=\"false\" placeholder=\"E-mail\" value=\"\" type=\"email\" name=\"your-email\" \/><\/span>\n<\/p>\n<p><br \/>\n<span class=\"wpcf7-form-control-wrap\" data-name=\"your-subject\"><input size=\"40\" maxlength=\"400\" class=\"wpcf7-form-control wpcf7-text wpcf7-validates-as-required\" aria-required=\"true\" aria-invalid=\"false\" placeholder=\"Assunto\" value=\"\" type=\"text\" name=\"your-subject\" \/><\/span>\n<\/p>\n<p><br \/>\n<span class=\"wpcf7-form-control-wrap\" data-name=\"your-message\"><textarea cols=\"40\" rows=\"10\" maxlength=\"2000\" class=\"wpcf7-form-control wpcf7-textarea wpcf7-validates-as-required\" aria-required=\"true\" aria-invalid=\"false\" placeholder=\"Mensagem\" name=\"your-message\"><\/textarea><\/span>\n<\/p>\n<p><input class=\"wpcf7-form-control wpcf7-submit has-spinner\" type=\"submit\" value=\"Enviar\" \/>\n<\/p><div class=\"wpcf7-response-output\" aria-hidden=\"true\"><\/div>\n<\/form>\n<\/div>\n\n<\/div>\n<div class=\"col-sm-6\">\n<iframe loading=\"lazy\" width=\"100%\" height=\"400px\" frameborder=\"0\" scrolling=\"no\" marginheight=\"0\" marginwidth=\"0\" src=\"http:\/\/maps.google.com\/maps?f=q&amp;source=s_q&amp;q=Rua+Fernandes+dos+Anjos,+Vila+Nova+de+Gaia,+Portugal&amp;ie=UTF8&amp;z=15&amp;iwloc=B&amp;output=embed\"><\/iframe><br \/><br \/>\n<\/div>\n<\/div>\n","protected":false},"excerpt":{"rendered":"<p>Cl\u00ednica de S\u00e3o Francisco Xavier Rua Fernandes dos Anjos, n.\u00ba 230 Sta. Marinha &#8211; Candal 4400 &#8211; 141 Vila Nova de Gaia T 22 371 60 02 Diretor Cl\u00ednico Bruno Sousa M\u00e9dico Dentista brunosousa@clinicasaofranciscoxavier.pt Assistente Dent\u00e1ria Diana Rodrigues geral@clinicasaofranciscoxavier.pt Hor\u00e1rio de atendimento Segunda-Feira 14h30 \u00e0s 19h30 De Ter\u00e7a a Sexta-Feira 09h30 \u00e0s 12h30 e 14h30 [&hellip;]<\/p>\n","protected":false},"author":1,"featured_media":0,"parent":0,"menu_order":6,"comment_status":"open","ping_status":"closed","template":"template-imagem-texto.php","meta":{"footnotes":""},"class_list":["post-26","page","type-page","status-publish","hentry"],"_links":{"self":[{"href":"https:\/\/clinicasaofranciscoxavier.pt\/index.php?rest_route=\/wp\/v2\/pages\/26","targetHints":{"allow":["GET"]}}],"collection":[{"href":"https:\/\/clinicasaofranciscoxavier.pt\/index.php?rest_route=\/wp\/v2\/pages"}],"about":[{"href":"https:\/\/clinicasaofranciscoxavier.pt\/index.php?rest_route=\/wp\/v2\/types\/page"}],"author":[{"embeddable":true,"href":"https:\/\/clinicasaofranciscoxavier.pt\/index.php?rest_route=\/wp\/v2\/users\/1"}],"replies":[{"embeddable":true,"href":"https:\/\/clinicasaofranciscoxavier.pt\/index.php?rest_route=%2Fwp%2Fv2%2Fcomments&post=26"}],"version-history":[{"count":48,"href":"https:\/\/clinicasaofranciscoxavier.pt\/index.php?rest_route=\/wp\/v2\/pages\/26\/revisions"}],"predecessor-version":[{"id":872,"href":"https:\/\/clinicasaofranciscoxavier.pt\/index.php?rest_route=\/wp\/v2\/pages\/26\/revisions\/872"}],"wp:attachment":[{"href":"https:\/\/clinicasaofranciscoxavier.pt\/index.php?rest_route=%2Fwp%2Fv2%2Fmedia&parent=26"}],"curies":[{"name":"wp","href":"https:\/\/api.w.org\/{rel}","templated":true}]}}