{"id":186,"date":"2013-04-04T17:46:35","date_gmt":"2013-04-04T17:46:35","guid":{"rendered":"http:\/\/clinicasaofranciscoxavier.pt\/?page_id=186"},"modified":"2017-12-16T16:21:34","modified_gmt":"2017-12-16T16:21:34","slug":"asd","status":"publish","type":"page","link":"https:\/\/clinicasaofranciscoxavier.pt\/?page_id=186","title":{"rendered":"DTM e Dor Orofacial"},"content":{"rendered":"<div class=\"col-sm-4\">\n<p><a href=\"https:\/\/clinicasaofranciscoxavier.pt\/wp-content\/uploads\/2015\/08\/DTM_dor_orofacial.jpg\" rel=\"prettyPhoto[dtm]\"><img decoding=\"async\" class=\"alignnone size-medium wp-image-532\" style=\"margin-bottom: 10px;\" src=\"https:\/\/clinicasaofranciscoxavier.pt\/wp-content\/uploads\/2015\/08\/DTM_dor_orofacial.jpg\" alt=\"DTM_dor_orofacial\" \/><\/a><a href=\"https:\/\/clinicasaofranciscoxavier.pt\/wp-content\/uploads\/2013\/04\/anatomia_atm.jpg\" rel=\"prettyPhoto[dtm]\"><img loading=\"lazy\" decoding=\"async\" width=\"400\" height=\"320\" class=\"alignnone size-medium wp-image-499\" style=\"margin-bottom: 10px;\" src=\"https:\/\/clinicasaofranciscoxavier.pt\/wp-content\/uploads\/2013\/04\/anatomia_atm.jpg\" alt=\"anatomia_atm\" srcset=\"https:\/\/clinicasaofranciscoxavier.pt\/wp-content\/uploads\/2013\/04\/anatomia_atm.jpg 400w, https:\/\/clinicasaofranciscoxavier.pt\/wp-content\/uploads\/2013\/04\/anatomia_atm-300x240.jpg 300w\" sizes=\"auto, (max-width: 400px) 100vw, 400px\" \/><\/a><a href=\"https:\/\/clinicasaofranciscoxavier.pt\/wp-content\/uploads\/2013\/04\/vista_lateral_do_cranio.bmp\" rel=\"prettyPhoto[dtm]\"><img decoding=\"async\" class=\"alignnone size-medium wp-image-502\" style=\"margin-bottom: 10px;\" src=\"https:\/\/clinicasaofranciscoxavier.pt\/wp-content\/uploads\/2013\/04\/vista_lateral_do_cranio.bmp\" alt=\"vista_lateral_do_cranio\" \/><\/a><\/p>\n<\/div>\n<div class=\"col-sm-4\">\n<h4>O que \u00e9 Disfun\u00e7\u00e3o Temporomandibular (DTM)?<\/h4>\n<p>ATM significa articula\u00e7\u00e3o temporomandibular. Esta articula\u00e7\u00e3o \u00e9 respons\u00e1vel por todos os movimentos que faz com a boca, existindo uma em cada lado (em frente de cada orelha). As doen\u00e7as desta articula\u00e7\u00e3o e dos m\u00fasculos que fazem esses movimentos da boca s\u00e3o chamadas de disfun\u00e7\u00f5es temporomandibulares (DTM). Esta \u00e9 uma doen\u00e7a que causa sofrimento a milh\u00f5es de pessoas em todo o mundo, diminuindo a qualidade de vida e restringindo o conv\u00edvio social. Um dos sintomas mais comuns da DTM s\u00e3o as dores de cabe\u00e7a. Muitos pacientes apresentam este sintoma e n\u00e3o sabem que pode ser causado pela DTM.<\/p>\n<p>Embora atinja milh\u00f5es de pessoas no mundo inteiro, a DTM \u00e9 uma doen\u00e7a pouco conhecida. S\u00e3o les\u00f5es causadas por movimentos desnecess\u00e1rios que fazemos com a boca, h\u00e1bitos como: mascar pastilha el\u00e1stica, roer unhas, morder gelo, etc. O bruxismo (ranger dos dentes que algumas pessoas realizam ao dormir) tamb\u00e9m \u00e9 um dos principais factores que causam DTM. O treino para a elimina\u00e7\u00e3o desses h\u00e1bitos, ou a protec\u00e7\u00e3o dos dentes e dos m\u00fasculos para os que apresentam o bruxismo, pode ser a chave para o al\u00edvio dos sintomas da disfun\u00e7\u00e3o.<\/p>\n<p>Segundo estudos recentes, a incid\u00eancia mundial de DTM \u00e9 de 3% da popula\u00e7\u00e3o por ano. Apesar de ser uma incid\u00eancia baixa, a dura\u00e7\u00e3o da doen\u00e7a \u00e9 longa, fazendo com que haja um grande n\u00famero de pacientes. Uma quest\u00e3o intrigante \u00e9 que as mulheres em idade f\u00e9rtil s\u00e3o as mais acometidas pela doen\u00e7a, cerca de nove mulheres para cada homem. Actualmente, tem sido observado um aumento dos casos de DTM em adolescentes e crian\u00e7as.<\/p>\n<p>O paciente com DTM geralmente \u00e9 um doente cr\u00f3nico que demora anos para encontrar tratamento. Como os sintomas s\u00e3o muito subjectivos e podem estar ligados a outros problemas m\u00e9dicos (depress\u00e3o, problemas ligados \u00e0 otorrinolaringologia ou reumatol\u00f3gicos), o especialista em Dor Orofacial, para al\u00e9m de ainda ser pouco conhecido, \u00e9 quase sempre a \u00faltima solu\u00e7\u00e3o.<\/p>\n<p>&nbsp;<\/p>\n<h4>As formas de tratamento<\/h4>\n<p>Embora se trate de uma doen\u00e7a que pode causar dores de cabe\u00e7a terr\u00edveis durante anos, o tratamento para esta doen\u00e7a, quando bem diagnosticada, n\u00e3o apresenta maior dificuldade. Com uma avalia\u00e7\u00e3o cl\u00ednica bem realizada, que conste de t\u00e9cnicas espec\u00edficas de diagn\u00f3stico, nas quais o especialista em DTM ir\u00e1 explorar e analisar de uma maneira ordenada as queixas de dor de cabe\u00e7a do paciente, recomendando o tratamento necess\u00e1rio n\u00e3o s\u00f3 na sua \u00e1rea como tamb\u00e9m encaminhando o paciente para outros profissionais.<\/p>\n<p>Geralmente o tratamento \u00e9 simples e conservador, feito por meio de terapias caseiras, exerc\u00edcios, compressas, relaxamento muscular, controlo da ansiedade e depress\u00e3o. Na maioria dos casos \u00e9 necess\u00e1ria a interac\u00e7\u00e3o de uma equipa multidisciplinar para o melhor entendimento e condutas espec\u00edficas nas \u00e1reas de: neurologia, psicologia, reumatologia, otorrinolaringologia, endocrinologia e fisioterapia.<\/p>\n<\/div>\n<div class=\"col-sm-4\">\n<p>O especialista em DTM deve estar apto a diagnosticar todas as dores orofaciais, tratando as que estejam relacionadas com a sua \u00e1rea de actua\u00e7\u00e3o e encaminhando o paciente quando o tratamento implicar a interven\u00e7\u00e3o de outro profissional de sa\u00fade. S\u00f3 ap\u00f3s a avalia\u00e7\u00e3o conjunta e simult\u00e2nea, ser\u00e1 realizada a terapia.<\/p>\n<p>&nbsp;<\/p>\n<h4>Alguns dos sintomas mais comuns que o paciente pode apresentar:<\/h4>\n<ul>\n<li>Dores de cabe\u00e7a (frequentemente parecidas com enxaquecas);<\/li>\n<li>Dor de ouvido ou na sua proximidade, dor e press\u00e3o atr\u00e1s dos olhos;<\/li>\n<li>Um \u201cclique\u201d ou sensa\u00e7\u00e3o de desencaixe ao abrir ou fechar a boca;<\/li>\n<li>Dor ao bocejar, ao abrir muito a boca ou ao mastigar;<\/li>\n<li>Mand\u00edbula (boca) que \u201cfica presa\u201d, trava ou sai do lugar;<\/li>\n<li>Fadiga (cansa\u00e7o) nos m\u00fasculos da mastiga\u00e7\u00e3o sentida como cansa\u00e7o na face;<\/li>\n<li>Uma brusca mudan\u00e7a no modo como os dentes superiores e inferiores se encaixam;<\/li>\n<li>Bruxismo (ranger dos dentes) nocturno \/diurno;<\/li>\n<li>Alguns tipos de zumbido nos ouvidos;<\/li>\n<li>Cervicalgia (dor no pesco\u00e7o) referindo dor para a face.<\/li>\n<\/ul>\n<p>&nbsp;<\/p>\n<h4>Perfil dos pacientes de DTM<\/h4>\n<p>Tanto os homens quanto as mulheres s\u00e3o v\u00edtimas de DTM, no entanto, 90% dos que procuram tratamento s\u00e3o mulheres na faixa et\u00e1ria dos 15 a 45 anos. Um grande n\u00famero deles relata uma verdadeira \u201cvia sacra\u201d \u00e0 procura de tratamento e, o pior, continuam uma vida acompanhada das suas dores.<\/p>\n<p>&nbsp;<\/p>\n<h4>Voc\u00ea tem DTM? Fa\u00e7a um auto-teste:<\/h4>\n<p>1. Sente dificuldade ou cansa\u00e7o na boca ao alimentar-se?<\/p>\n<p>2. Tem sons (tipo estalido) pr\u00f3ximo dos ouvidos ao abrir ou ao fechar a boca?<\/p>\n<p>3. Tem dificuldade em abrir a boca?<\/p>\n<p>4. Ao abrir a sua boca, ela desvia-se para algum dos lados?<\/p>\n<p>5. Tem dor de cabe\u00e7a constante?<\/p>\n<p>6. Range ou aperta os dentes?<\/p>\n<p>7. Sente dificuldade em abrir a boca ao acordar?<\/p>\n<p>8. Acorda com dor de cabe\u00e7a e cansa\u00e7o?<\/p>\n<p>9. J\u00e1 travou a sua boca (aberta ou fechada)?<\/p>\n<p>10. Tem estes sintomas acima, acompanhados de zumbido?<\/p>\n<p>11. Tem dores cervicais acompanhadas de alguma dor na face ou cabe\u00e7a?<\/p>\n<p>Se responder a uma destas quest\u00f5es positivamente, provavelmente est\u00e1 a desenvolver uma DTM e dever\u00e1 procurar um especialista em Disfun\u00e7\u00e3o Temporomandibular e Dor Orofacial.<\/p>\n<\/div>\n<div class=\"col-sm-4\"><\/div>\n","protected":false},"excerpt":{"rendered":"<p>O que \u00e9 Disfun\u00e7\u00e3o Temporomandibular (DTM)? ATM significa articula\u00e7\u00e3o temporomandibular. Esta articula\u00e7\u00e3o \u00e9 respons\u00e1vel por todos os movimentos que faz com a boca, existindo uma em cada lado (em frente de cada orelha). As doen\u00e7as desta articula\u00e7\u00e3o e dos m\u00fasculos que fazem esses movimentos da boca s\u00e3o chamadas de disfun\u00e7\u00f5es temporomandibulares (DTM). Esta \u00e9 uma [&hellip;]<\/p>\n","protected":false},"author":1,"featured_media":0,"parent":15,"menu_order":0,"comment_status":"open","ping_status":"closed","template":"template-imagem-texto.php","meta":{"footnotes":""},"class_list":["post-186","page","type-page","status-publish","hentry"],"_links":{"self":[{"href":"https:\/\/clinicasaofranciscoxavier.pt\/index.php?rest_route=\/wp\/v2\/pages\/186","targetHints":{"allow":["GET"]}}],"collection":[{"href":"https:\/\/clinicasaofranciscoxavier.pt\/index.php?rest_route=\/wp\/v2\/pages"}],"about":[{"href":"https:\/\/clinicasaofranciscoxavier.pt\/index.php?rest_route=\/wp\/v2\/types\/page"}],"author":[{"embeddable":true,"href":"https:\/\/clinicasaofranciscoxavier.pt\/index.php?rest_route=\/wp\/v2\/users\/1"}],"replies":[{"embeddable":true,"href":"https:\/\/clinicasaofranciscoxavier.pt\/index.php?rest_route=%2Fwp%2Fv2%2Fcomments&post=186"}],"version-history":[{"count":45,"href":"https:\/\/clinicasaofranciscoxavier.pt\/index.php?rest_route=\/wp\/v2\/pages\/186\/revisions"}],"predecessor-version":[{"id":841,"href":"https:\/\/clinicasaofranciscoxavier.pt\/index.php?rest_route=\/wp\/v2\/pages\/186\/revisions\/841"}],"up":[{"embeddable":true,"href":"https:\/\/clinicasaofranciscoxavier.pt\/index.php?rest_route=\/wp\/v2\/pages\/15"}],"wp:attachment":[{"href":"https:\/\/clinicasaofranciscoxavier.pt\/index.php?rest_route=%2Fwp%2Fv2%2Fmedia&parent=186"}],"curies":[{"name":"wp","href":"https:\/\/api.w.org\/{rel}","templated":true}]}}