{"id":18,"date":"2013-02-01T03:38:23","date_gmt":"2013-02-01T03:38:23","guid":{"rendered":"http:\/\/clinicasaofranciscoxavier.pt\/?page_id=18"},"modified":"2017-12-16T16:42:03","modified_gmt":"2017-12-16T16:42:03","slug":"servicos","status":"publish","type":"page","link":"https:\/\/clinicasaofranciscoxavier.pt\/?page_id=18","title":{"rendered":"Servi\u00e7os"},"content":{"rendered":"<div class=\"col-sm-4\">\n<img decoding=\"async\" src=\"https:\/\/clinicasaofranciscoxavier.pt\/wp-content\/uploads\/2013\/02\/foto_servicos-257x300.jpg\" \/>\n<\/div>\n<div class=\"col-sm-4\">\n<h4>Medicina Dent\u00e1ria<\/h4>\n<p>Cirurgia<\/p>\n<p>Dentisteria Est\u00e9tica (branqueamento)<\/p>\n<p>Implantologia<\/p>\n<p>Odontopediatria<\/p>\n<p>Ortodontia (Aparelhos)<\/p>\n<p>Periodontologia<\/p>\n<p>Pr\u00f3tese Fixa e Remov\u00edvel<\/p>\n<p>Radiologia<\/p>\n<\/div>\n<div class=\"col-sm-4\">\n<h4>Novas Tecnologias<\/h4>\n<p>Centro Brite Smile<\/p>\n<p>Ortopantomografia (radiografias panor\u00e2micas)<\/p>\n<p>Telerradiografia<\/p>\n<p>Radiografias Digitais<\/p>\n<\/div>\n","protected":false},"excerpt":{"rendered":"<p>Medicina Dent\u00e1ria Cirurgia Dentisteria Est\u00e9tica (branqueamento) Implantologia Odontopediatria Ortodontia (Aparelhos) Periodontologia Pr\u00f3tese Fixa e Remov\u00edvel Radiologia Novas Tecnologias Centro Brite Smile Ortopantomografia (radiografias panor\u00e2micas) Telerradiografia Radiografias Digitais<\/p>\n","protected":false},"author":1,"featured_media":0,"parent":0,"menu_order":3,"comment_status":"open","ping_status":"closed","template":"template-imagem-texto.php","meta":{"footnotes":""},"class_list":["post-18","page","type-page","status-publish","hentry"],"_links":{"self":[{"href":"https:\/\/clinicasaofranciscoxavier.pt\/index.php?rest_route=\/wp\/v2\/pages\/18","targetHints":{"allow":["GET"]}}],"collection":[{"href":"https:\/\/clinicasaofranciscoxavier.pt\/index.php?rest_route=\/wp\/v2\/pages"}],"about":[{"href":"https:\/\/clinicasaofranciscoxavier.pt\/index.php?rest_route=\/wp\/v2\/types\/page"}],"author":[{"embeddable":true,"href":"https:\/\/clinicasaofranciscoxavier.pt\/index.php?rest_route=\/wp\/v2\/users\/1"}],"replies":[{"embeddable":true,"href":"https:\/\/clinicasaofranciscoxavier.pt\/index.php?rest_route=%2Fwp%2Fv2%2Fcomments&post=18"}],"version-history":[{"count":19,"href":"https:\/\/clinicasaofranciscoxavier.pt\/index.php?rest_route=\/wp\/v2\/pages\/18\/revisions"}],"predecessor-version":[{"id":848,"href":"https:\/\/clinicasaofranciscoxavier.pt\/index.php?rest_route=\/wp\/v2\/pages\/18\/revisions\/848"}],"wp:attachment":[{"href":"https:\/\/clinicasaofranciscoxavier.pt\/index.php?rest_route=%2Fwp%2Fv2%2Fmedia&parent=18"}],"curies":[{"name":"wp","href":"https:\/\/api.w.org\/{rel}","templated":true}]}}