{"id":126,"date":"2013-02-01T09:02:11","date_gmt":"2013-02-01T09:02:11","guid":{"rendered":"http:\/\/clinicasaofranciscoxavier.pt\/?page_id=126"},"modified":"2017-12-16T16:35:54","modified_gmt":"2017-12-16T16:35:54","slug":"ortodontia","status":"publish","type":"page","link":"https:\/\/clinicasaofranciscoxavier.pt\/?page_id=126","title":{"rendered":"Ortodontia"},"content":{"rendered":"<div class=\"col-sm-4\">\n<a rel=\"prettyPhoto[ortodentia]\" href=\"https:\/\/clinicasaofranciscoxavier.pt\/wp-content\/uploads\/2015\/08\/orto.jpg\"><img loading=\"lazy\" decoding=\"async\" src=\"https:\/\/clinicasaofranciscoxavier.pt\/wp-content\/uploads\/2015\/08\/orto.jpg\" alt=\"ortodontia\" width=\"500\" height=\"333\" class=\"alignnone size-full wp-image-555\" \/><\/a><\/p>\n<p><a rel=\"prettyPhoto[ortodentia]\" href=\"https:\/\/clinicasaofranciscoxavier.pt\/wp-content\/uploads\/2013\/02\/ortodontia_01.jpg\"><img decoding=\"async\" src=\"https:\/\/clinicasaofranciscoxavier.pt\/wp-content\/uploads\/2013\/02\/ortodontia_01.jpg\" alt=\"ortodontia_03\" class=\"alignnone size-full wp-image-557\" \/><\/a><\/p>\n<p><a rel=\"prettyPhoto[ortodentia]\"  href=\"https:\/\/clinicasaofranciscoxavier.pt\/wp-content\/uploads\/2013\/02\/disjuntor_palatino.jpg\"><img loading=\"lazy\" decoding=\"async\" width=\"448\" height=\"336\" src=\"https:\/\/clinicasaofranciscoxavier.pt\/wp-content\/uploads\/2013\/02\/disjuntor_palatino.jpg\" alt=\"DIGITAL IMAGE\" class=\"alignnone size-medium wp-image-514\" srcset=\"https:\/\/clinicasaofranciscoxavier.pt\/wp-content\/uploads\/2013\/02\/disjuntor_palatino.jpg 448w, https:\/\/clinicasaofranciscoxavier.pt\/wp-content\/uploads\/2013\/02\/disjuntor_palatino-300x224.jpg 300w\" sizes=\"auto, (max-width: 448px) 100vw, 448px\" \/><\/a><\/p>\n<p><a rel=\"prettyPhoto[ortodentia]\" href=\"https:\/\/clinicasaofranciscoxavier.pt\/wp-content\/uploads\/2013\/02\/ortodontia.jpg\"><img loading=\"lazy\" decoding=\"async\" src=\"https:\/\/clinicasaofranciscoxavier.pt\/wp-content\/uploads\/2013\/02\/ortodontia.jpg\" alt=\"ortodontia2\" width=\"500\" height=\"578\" class=\"alignnone size-full wp-image-556\" \/><\/a>\n<\/div>\n<div class=\"col-sm-4\">\n<h4>O que \u00e9 ortodontia?<\/h4>\n<p>Ortodontia \u00e9 uma especialidade m\u00e9dico-dent\u00e1ria que corrige a posi\u00e7\u00e3o dos dentes e dos ossos maxilares posicionados de forma inadequada. Dentes tortos ou dentes que n\u00e3o se encaixam correctamente s\u00e3o dif\u00edceis de serem mantidos limpos, podendo ser perdidos precocemente, devido \u00e0 deteriora\u00e7\u00e3o e \u00e0 doen\u00e7a periodontal.<\/p>\n<p>O tratamento ortod\u00f4ntico torna a boca mais saud\u00e1vel, proporciona uma apar\u00eancia mais agrad\u00e1vel e dentes com possibilidade de durar a vida toda.<\/p>\n<p>Com base em alguns instrumentos de diagn\u00f3stico que incluem um historial m\u00e9dico e dent\u00e1rio completo, um exame cl\u00ednico, moldes de gesso dos seus dentes e fotografias e radiografias especiais, o ortodontista ou dentista poder\u00e1 decidir se a ortodontia \u00e9 recomend\u00e1vel e desenvolver um plano de tratamento adequado para si.<\/p>\n<h4>Se \u00a0apresenta algum dos problemas abaixo, pode ser um candidato para o tratamento ortod\u00f4ntico:<\/h4>\n<p><span style=\"font-weight:700\">Sobremordida, algumas vezes chamada de &#8220;dentes salientes&#8221;<\/span> &#8211; acontece quando os dentes anteriores superiores se posicionam muito \u00e0 frente da arcada inferior.<\/p>\n<p><span style=\"font-weight:700\">Mordida cruzada anterior<\/span> &#8211; \u00a0quando a arcada inferior est\u00e1 projectada muito \u00e0 frente ou a arcada superior se posiciona muito atr\u00e1s.<\/p>\n<p><span style=\"font-weight:700\">Mordida cruzada<\/span> &#8211; ocorre quando a arcada superior n\u00e3o fica ligeiramente \u00e0 frente da arcada inferior ao morder normalmente.<\/p>\n<p><span style=\"font-weight:700\">Mordida aberta<\/span> &#8211; espa\u00e7o entre as superf\u00edcies de mordida dos dentes anteriores e\/ou laterais quando os dentes posteriores se juntam.<\/p>\n<p><span style=\"font-weight:700\">Desvio de linha m\u00e9dia<\/span> &#8211; ocorre quando o centro da arcada superior n\u00e3o est\u00e1 alinhado com o centro da arcada inferior.<\/p>\n<p><span style=\"font-weight:700\">Diastema<\/span> &#8211; falhas, ou espa\u00e7os, entre os dentes como resultado de dentes ausentes ou dentes que n\u00e3o preenchem a boca.<\/p>\n<p><span style=\"font-weight:700\">Apinhamento<\/span> &#8211; ocorre quando os dentes n\u00e3o se posicionam correctamente na mesma arcada dent\u00e1ria, normalmente pequena.\n<\/div>\n<div class=\"col-sm-4\">\n<h4>Como funciona um tratamento ortod\u00f4ntico eficaz?<\/h4>\n<p>Diversos tipos de aparelhos, tanto fixos como m\u00f3veis, s\u00e3o utilizados para ajudar a movimentar os dentes, retrair os m\u00fasculos e alterar o crescimento mandibular. Estes aparelhos funcionam colocando uma leve press\u00e3o nos dentes e ossos maxilares. A gravidade do seu problema \u00e9 que ir\u00e1 determinar qual o procedimento ortod\u00f4ntico mais adequado e mais eficaz.<\/p>\n<h4>Aparelhos fixos podem ser:<\/h4>\n<p><span style=\"font-weight:700\">Aparelho fixo<\/span> \u2014 este \u00e9 o tipo mais comum de aparelho; consiste em bandas, arcos e\/ou braquetes. As bandas s\u00e3o fixadas \u00e0 volta de v\u00e1rios dentes ou de um s\u00f3 dente, e utilizadas como \u00e2ncoras para o aparelho, enquanto que os braquetes s\u00e3o presos na parte externa do dente. Os arcos passam atrav\u00e9s dos braquetes e s\u00e3o ligados \u00e0s bandas. Apertando-se o arco, os dentes s\u00e3o traccionados, movendo-se gradualmente em direc\u00e7\u00e3o \u00e0 posi\u00e7\u00e3o correcta. Podem apresentar cores vivas para as crian\u00e7as, bem como estilos mais claros, preferidos por muitos adultos.<\/p>\n<p><span style=\"font-weight:700\">Aparelho fixo especial<\/span> \u2014 utilizados para controlar o h\u00e1bito de chupar o dedo ou a l\u00edngua &#8220;presa&#8221;, estes aparelhos s\u00e3o fixados aos dentes atrav\u00e9s de bandas. Por serem muito desconfort\u00e1veis durante as refei\u00e7\u00f5es, devem ser utilizados apenas como um \u00faltimo recurso. <\/p>\n<p><span style=\"font-weight:700\">Mantenedor de espa\u00e7o fixo<\/span> \u2014 se o dente de leite \u00e9 perdido precocemente, um protector de espa\u00e7o \u00e9 utilizado para manter este espa\u00e7o aberto at\u00e9 que o dente permanente nas\u00e7a. Uma banda \u00e9 cimentada ao dente pr\u00f3ximo ao espa\u00e7o vazio e um fio \u00e9 estendido at\u00e9 ao dente do outro lado do espa\u00e7o.\n<\/div>\n","protected":false},"excerpt":{"rendered":"<p>O que \u00e9 ortodontia? Ortodontia \u00e9 uma especialidade m\u00e9dico-dent\u00e1ria que corrige a posi\u00e7\u00e3o dos dentes e dos ossos maxilares posicionados de forma inadequada. Dentes tortos ou dentes que n\u00e3o se encaixam correctamente s\u00e3o dif\u00edceis de serem mantidos limpos, podendo ser perdidos precocemente, devido \u00e0 deteriora\u00e7\u00e3o e \u00e0 doen\u00e7a periodontal. O tratamento ortod\u00f4ntico torna a boca [&hellip;]<\/p>\n","protected":false},"author":1,"featured_media":0,"parent":15,"menu_order":0,"comment_status":"open","ping_status":"closed","template":"template-imagem-texto.php","meta":{"footnotes":""},"class_list":["post-126","page","type-page","status-publish","hentry"],"_links":{"self":[{"href":"https:\/\/clinicasaofranciscoxavier.pt\/index.php?rest_route=\/wp\/v2\/pages\/126","targetHints":{"allow":["GET"]}}],"collection":[{"href":"https:\/\/clinicasaofranciscoxavier.pt\/index.php?rest_route=\/wp\/v2\/pages"}],"about":[{"href":"https:\/\/clinicasaofranciscoxavier.pt\/index.php?rest_route=\/wp\/v2\/types\/page"}],"author":[{"embeddable":true,"href":"https:\/\/clinicasaofranciscoxavier.pt\/index.php?rest_route=\/wp\/v2\/users\/1"}],"replies":[{"embeddable":true,"href":"https:\/\/clinicasaofranciscoxavier.pt\/index.php?rest_route=%2Fwp%2Fv2%2Fcomments&post=126"}],"version-history":[{"count":31,"href":"https:\/\/clinicasaofranciscoxavier.pt\/index.php?rest_route=\/wp\/v2\/pages\/126\/revisions"}],"predecessor-version":[{"id":847,"href":"https:\/\/clinicasaofranciscoxavier.pt\/index.php?rest_route=\/wp\/v2\/pages\/126\/revisions\/847"}],"up":[{"embeddable":true,"href":"https:\/\/clinicasaofranciscoxavier.pt\/index.php?rest_route=\/wp\/v2\/pages\/15"}],"wp:attachment":[{"href":"https:\/\/clinicasaofranciscoxavier.pt\/index.php?rest_route=%2Fwp%2Fv2%2Fmedia&parent=126"}],"curies":[{"name":"wp","href":"https:\/\/api.w.org\/{rel}","templated":true}]}}